{"id":75,"date":"2017-01-27T17:07:21","date_gmt":"2017-01-27T16:07:21","guid":{"rendered":"http:\/\/feuilletages-algebriques.math.cnrs.fr\/?page_id=75"},"modified":"2017-01-27T17:10:43","modified_gmt":"2017-01-27T16:10:43","slug":"le-champ-de-jouanolou","status":"publish","type":"page","link":"https:\/\/feuilletages-algebriques.math.cnrs.fr\/index.php\/le-champ-de-jouanolou\/","title":{"rendered":"Le champ de Jouanolou"},"content":{"rendered":"<p>Le champ de Jouanolou de degr\u00e9 \\(d\\) est donn\u00e9 par<\/p>\n<p>\\[J_d(x,y,z) = y^d\\frac{\\partial}{\\partial x}+z^d\\frac{\\partial}{\\partial y}+x^d\\frac{\\partial}{\\partial z}.\\]<\/p>\n<p>La surface de Bogomolov dans \\(\\mathbf{P}_{\\mathbf{C}}^2\\) est d\u00e9finie en coordonn\u00e9es homog\u00e8nes par l&rsquo;\u00e9quation<\/p>\n<p>\\[(\\mathcal{B}_d) : R \\cdot J_d = 0 \\quad i.e. \\quad x \\bar{y}^d + y \\bar{z}^d + z \\bar{x}^d = 0\\]<\/p>\n<h5>LES SYM\u00c9TRIES du champ de Jouanolou<\/h5>\n<p>Le groupe de sym\u00e9tries du feuilletage est engendr\u00e9 par les transformations suivantes.<\/p>\n<p>\\[D = d^2+d+1 \\qquad \\zeta_D = \\text{e}^{2i\\pi\/D}\\]<\/p>\n<p>\\[S : [x:y:z] \\longmapsto [y:z:x] \\qquad T_D : [x:y:z] \\longmapsto [\\zeta_D x:\\zeta^{-d}_D y:z]\\]<\/p>\n<p>\\[G_D = &lt;S,T_D&gt; = \\mathbf{Z}\/3\\mathbf{Z} \\times_| \\mathbf{Z}\/D\\mathbf{Z}\\]<\/p>\n<p>Remarquons les trois axes \\(P_x = [1:0:0]\\), \\(P_y = [0:1:0]\\) et \\(P_z = [0:0:1]\\) d\u00e9finissent trois points r\u00e9els de \\(\\mathbf{P}_{\\mathbf{C}}^2\\) qui :<\/p>\n<ol>\n<li>\u00a0forment une orbite de \\(S\\) ;<\/li>\n<li>sont des points fixes de \\(T_D\\) ;<\/li>\n<li>appartiennent \u00e0 \\(\\mathcal{B}_d\\).<\/li>\n<\/ol>\n<p>Le groupe \\(\\mathbf{Z}\/D\\mathbf{Z}\\) op\u00e8re bien entendu dans l&rsquo;ensemble \\(\\{0 \\cdots D\\}\\) comme sous-groupe de permutation. Notons \\(\\bar{1}\\), \\(\\bar{d}\\) et \\(\\bar{d^2}\\) les images de \\(1\\), \\(d\\) et \\(d^2\\) dans le groupe \\(\\mathbf{Z}\/D\\mathbf{Z}\\). Bien entendu, on \\(\\bar{d} = \\bar{1}^d\\) et \\(\\bar{d^2} = \\bar{1}^{d^2}\\). Par ailleurs, \\(d\\) et \\(D\\) sont premiers entre eux (d&rsquo;apr\u00e8s le th\u00e9or\u00e8me de B\u00e9zout puisque \\(-(d+1)\\cdot d+1 \\cdot D=1\\)). De m\u00eame, \\(d^2\\) et \\(D\\) sont premiers entre eux (\\(d\\cdot d^2-(d-1)\\cdot D=1\\)). Ainsi<\/p>\n<p>\\[\\mathbf{Z}\/D\\mathbf{Z} = &lt;\\bar{1},\\bar{d},\\bar{d^2}&gt;=&lt;\\bar{1}&gt;=&lt;\\bar{d}&gt;=&lt;\\bar{d^2}&gt;.\\]<\/p>\n<p>Enfin on note que \\(\\bar{1} \\cdot \\bar{d} \\cdot \\bar{d^2} = \\bar{1}+\\bar{d}+\\bar{d^2} = \\text{Id}_{\\mathbf{Z}\/D\\mathbf{Z}}\\).<\/p>\n","protected":false},"excerpt":{"rendered":"<p>Le champ de Jouanolou de degr\u00e9 \\(d\\) est donn\u00e9 par \\[J_d(x,y,z) = y^d\\frac{\\partial}{\\partial x}+z^d\\frac{\\partial}{\\partial y}+x^d\\frac{\\partial}{\\partial z}.\\] La surface de Bogomolov dans \\(\\mathbf{P}_{\\mathbf{C}}^2\\) est d\u00e9finie en coordonn\u00e9es homog\u00e8nes par l&rsquo;\u00e9quation \\[(\\mathcal{B}_d) : R \\cdot J_d = 0 \\quad i.e. \\quad x \\bar{y}^d + y \\bar{z}^d + z \\bar{x}^d = 0\\] LES SYM\u00c9TRIES du champ de Jouanolou &hellip; <a href=\"https:\/\/feuilletages-algebriques.math.cnrs.fr\/index.php\/le-champ-de-jouanolou\/\" class=\"more-link\">Continuer la lecture<span class=\"screen-reader-text\"> de &laquo;&nbsp;Le champ de Jouanolou&nbsp;&raquo;<\/span><\/a><\/p>\n","protected":false},"author":2,"featured_media":0,"parent":0,"menu_order":0,"comment_status":"closed","ping_status":"closed","template":"","meta":{"footnotes":""},"class_list":["post-75","page","type-page","status-publish","hentry"],"_links":{"self":[{"href":"https:\/\/feuilletages-algebriques.math.cnrs.fr\/index.php\/wp-json\/wp\/v2\/pages\/75","targetHints":{"allow":["GET"]}}],"collection":[{"href":"https:\/\/feuilletages-algebriques.math.cnrs.fr\/index.php\/wp-json\/wp\/v2\/pages"}],"about":[{"href":"https:\/\/feuilletages-algebriques.math.cnrs.fr\/index.php\/wp-json\/wp\/v2\/types\/page"}],"author":[{"embeddable":true,"href":"https:\/\/feuilletages-algebriques.math.cnrs.fr\/index.php\/wp-json\/wp\/v2\/users\/2"}],"replies":[{"embeddable":true,"href":"https:\/\/feuilletages-algebriques.math.cnrs.fr\/index.php\/wp-json\/wp\/v2\/comments?post=75"}],"version-history":[{"count":5,"href":"https:\/\/feuilletages-algebriques.math.cnrs.fr\/index.php\/wp-json\/wp\/v2\/pages\/75\/revisions"}],"predecessor-version":[{"id":82,"href":"https:\/\/feuilletages-algebriques.math.cnrs.fr\/index.php\/wp-json\/wp\/v2\/pages\/75\/revisions\/82"}],"wp:attachment":[{"href":"https:\/\/feuilletages-algebriques.math.cnrs.fr\/index.php\/wp-json\/wp\/v2\/media?parent=75"}],"curies":[{"name":"wp","href":"https:\/\/api.w.org\/{rel}","templated":true}]}}