{"id":530,"date":"2017-02-26T15:00:19","date_gmt":"2017-02-26T14:00:19","guid":{"rendered":"http:\/\/feuilletages-algebriques.math.cnrs.fr\/?page_id=530"},"modified":"2017-03-29T14:09:06","modified_gmt":"2017-03-29T12:09:06","slug":"les-feuilles-du-feuilletage-mathcalf_lambda-de-mathbfc2","status":"publish","type":"page","link":"https:\/\/feuilletages-algebriques.math.cnrs.fr\/index.php\/les-feuilles-du-feuilletage-mathcalf_lambda-de-mathbfc2\/","title":{"rendered":"Les feuilles du feuilletage \\(\\mathcal{F}_{\\lambda}\\) de \\(\\mathbf{C}^2\\)"},"content":{"rendered":"<p>Remarquons que l&rsquo;origine \\( (0,0) \\) de\u00a0\\(\\mathbf{C}^2\\) est l&rsquo;unique singularit\u00e9 du champ de vecteurs \\(X_{\\lambda}\\).\u00a0On consid\u00e8re l&rsquo;\u00e9quation diff\u00e9rentielle lin\u00e9aire<\/p>\n<p>\\[\\dot{X} = X_{\\lambda}\\]<\/p>\n<p>de condition initiale \\( (x_0, y_0) \\) dans\u00a0\\(\\mathbf{C}^2\\) ; la notation \\(\\dot{X}\\) d\u00e9signe la d\u00e9riv\u00e9e de \\(X\\) par rapport au param\u00e8tre complexe \\(t\\) que nous appellerons\u00a0<em>temps complexe<\/em>\u00a0de l&rsquo;\u00e9quation. Il est tr\u00e8s facile de r\u00e9soudre explicitement cette \u00e9quation diff\u00e9rentielle et on trouve, pour tout temps complexe \\(t\\),<\/p>\n<p>\\[x(t) = x_0 \\text{e}^t \\quad \\text{et} \\quad y(t) = y_0 \\text{e}^{\\lambda t}.\\]<\/p>\n<p>Bien entendu, si \\( (x_0, y_0) = (0, 0) \\), \u00a0l&rsquo;unique solution de l&rsquo;\u00e9quation diff\u00e9rentielle est la solution nulle en tout temps de fait de la singularit\u00e9 du champ de vecteurs \\(X_{\\lambda}\\). Notons \u00e9galement\u00a0deux autres solutions remarquables de l&rsquo;\u00e9quation, les axes de coordonn\u00e9es \\(\\mathbf{C}^* \\times \\{0\\}\\) et\u00a0\\(\\{0\\} \\times \\mathbf{C}^*\\) ; on obtient ces solutions pour n&rsquo;importe quelles conditions\u00a0initiales de la forme \\( (x_0, 0) \\) ou \\( (0, y_0) \\), avec \\(x_0\\) et \\(y_0\\) non nuls, comme cons\u00e9quence du fait que l&rsquo;exponentielle est une fonction surjective de \\(\\mathbf{C}\\) sur \\(\\mathbf{C}^*\\).<\/p>\n<p style=\"padding-left: 30px;\"><span style=\"text-decoration: underline;\"><span style=\"color: #3366ff; text-decoration: underline;\">Lemme<\/span><\/span><span style=\"color: #3366ff;\">\u00a0:\u00a0<\/span>Si \\(x_0\\) et \\(y_0\\) sont non nuls, la solution<\/p>\n<p style=\"padding-left: 30px;\">\\[t \\in \\mathbf{C} \\longmapsto (x_0 \\text{e}^t, y_0 \\text{e}^{\\lambda t}) \\in \\mathbf{C}^2\\]<\/p>\n<p style=\"padding-left: 30px;\">de l&rsquo;\u00e9quation diff\u00e9rentielle \\(\\dot{X} = X_{\\lambda}\\) de condition initiale \\( (x_0, y_0) \\) est un\u00a0biholomorphisme de \\(\\mathbf{C}\\) sur son image.<\/p>\n<p style=\"padding-left: 30px;\"><span style=\"text-decoration: underline; color: #ff0000;\">D\u00e9monstration<\/span><span style=\"color: #ff0000;\">\u00a0:\u00a0<\/span>Montrons que cette fonction est injective. En effet, si \\(t\\) et \\(t&rsquo;\\) sont deux nombres complexes tels que<\/p>\n<p style=\"padding-left: 30px;\">\\[x_0 \\text{e}^t = x_0 \\text{e}^{t&rsquo;} \\quad \\text{et} \\quad y_0 \\text{e}^{\\lambda t} = y_0 \\text{e}^{\\lambda t&rsquo;},\\]<\/p>\n<p style=\"padding-left: 30px;\">on d\u00e9duit de la premi\u00e8re \u00e9quation que \\(t-t&rsquo;\\) est un multiple de \\(i \\tau \\mathbf{Z}\\), et de la deuxi\u00e8me \u00e9quation que\u00a0\\(t-t&rsquo;\\) est un multiple de \\(i \\frac{\\tau}{\\lambda} \\mathbf{Z}\\), ce qui est absurde si \\(t \\neq t&rsquo;\\) puisque \\(\\lambda\\) n&rsquo;est pas rationnel. L&rsquo;unique point singulier de \\(X_{\\lambda}\\) n&rsquo;\u00e9tant pas dans l&rsquo;image de la solution consid\u00e9r\u00e9e, le th\u00e9or\u00e8me d&rsquo;inversion locale permet de conclure la d\u00e9monstration du lemme.\u00a0CQFD.<\/p>\n<p><span style=\"text-decoration: underline; color: #00ff00;\">R\u00e9sum\u00e9<\/span><\/p>\n<p style=\"padding-left: 30px;\">Les solutions de l&rsquo;\u00e9quation diff\u00e9rentielle lin\u00e9aire ci-dessus d\u00e9finissent un feuilletage \\(\\mathcal{F}_{\\lambda}\\) de \\(\\mathbf{C}^2\\) ayant\u00a0une feuille singuli\u00e8re (l&rsquo;origine de\u00a0\\(\\mathbf{C}^2\\)),\u00a0deux feuilles \\(\\mathcal{F}_{\\lambda}^1\\) et \\(\\mathcal{F}_{\\lambda}^2\\) biholomorphes \u00e0 \\(\\mathbf{C}^*\\),\u00a0et tel que\u00a0toutes les autres feuilles sont biholomorphes \u00e0 \\(\\mathbf{C}\\).<\/p>\n<p>La sph\u00e8re de Riemann \\(\\mathbf{P}^1(\\mathbf{C})\\) est par d\u00e9finition le quotient de \\(\\mathbf{C}^{2,*}\\) par l&rsquo;action diagonale de \\(\\mathbf{C}^*\\). Or nous avons vu que\u00a0\\(\\{(0,0)\\}\\) est une feuille (singuli\u00e8re) de\u00a0\\(\\mathcal{F}_{\\lambda}\\). En restriction \u00e0\u00a0\u00a0\\(\\mathbf{C}^{2,*}\\), \\(\\mathcal{F}_{\\lambda}\\) d\u00e9finit donc un feuilletage\u00a0qui passe au quotient en un feuilletage de\u00a0\\(\\mathbf{P}^1(\\mathbf{C})\\) du fait que \\(X_{\\lambda}\\) est un champ de vecteurs lin\u00e9aire (autrement dit homog\u00e8ne de degr\u00e9 1).<\/p>\n<p>Les\u00a0feuilles \\(\\mathcal{F}_{\\lambda}^1\\) et \\(\\mathcal{F}_{\\lambda}^2\\) sont d&rsquo;autant plus remarquables qu&rsquo;elles sont en fait des orbites de\u00a0l&rsquo;action diagonale de \\(\\mathbf{C}^*\\) sur\u00a0\\(\\mathbf{C}^{2,*}\\) : elles passent au quotient en deux feuilles singuli\u00e8res, les points \\(S_1\\) et \\(S_2\\). Toutes les autres feuilles de \\(\\mathcal{F}_{\\lambda}\\) se projettent sur la m\u00eame et unique feuille \\(F\\) qui est n&rsquo;est autre que \\(\\mathbf{P}^1(\\mathbf{C}) \\setminus S_1 \\cup S_2\\). En effet, notons \\(\\mathbf{P}^1(\\mathbf{C}) =\u00a0\\mathbf{C} \\cup \\{\\infty\\}\\) et \\(\\pi :\u00a0\\mathbf{C}^2 \\setminus \\{(0,0)\\} \\longrightarrow \\mathbf{C} \\cup \\{\\infty\\}\\) l&rsquo;application de passage au quotient par l&rsquo;action de \\(\\mathbf{C}^*\\) d\u00e9finie par \\( (x,y) \\longmapsto y\/x\\).\u00a0Avec ce\u00a0choix de\u00a0coordonn\u00e9es sur la sph\u00e8re de Riemann, on a \\(S_1 = 0\\), \\(S_2 = \\infty\\). Soit\u00a0\\( (x_0, y_0) \\) un point de\u00a0\\(\\mathbf{C}^{2,*}\\) et \\(F_{(x_0, y_0)}\\) la feuille de \\(\\mathcal{F}_{\\lambda}\\) passant par ce point. L&rsquo;image \\(\\pi(F_{(x_0, y_0)})\\) de \\(F_{(x_0, y_0)}\\) par \\(\\pi\\) est \u00e9gale \u00e0 \\(\\{\\frac{y_0}{x_0}\\text{e}^{(\\lambda-1)t} \\, ; \\, t \\in \\mathbf{C}\\} = \\mathbf{C}^*\\) une fois encore du fait de la surjectivit\u00e9 de l&rsquo;exponentielle, plus pr\u00e9cis\u00e9ment de la fonction \\(t \\longmapsto \\text{e}^{(\\lambda-1)t}\\) dans ce cas.<\/p>\n<p><iframe loading=\"lazy\" src=\"http:\/\/feuilletages-algebriques.math.cnrs.fr\/wp-content\/uploads\/webapps\/test.html\" width=\"700\" height=\"300\" scrolling=\"no\"><\/iframe><\/p>\n<p>En restriction \u00e0\u00a0\\(F_{(x_0, y_0)}\\), l&rsquo;application \\(\\pi\\) est un rev\u00eatement sur son image\u00a0\\(\\mathbf{C}^*\\) :\u00a0c&rsquo;est un m\u00eame rev\u00eatement universel pour lequel on peut facilement d\u00e9crire la fibre du point \\(y_0\/x_0\\). D&rsquo;apr\u00e8s les calculs pr\u00e9c\u00e9dents, cette derni\u00e8re\u00a0est param\u00e9tr\u00e9e par les\u00a0nombres complexes \\(t\\) tels que \\(\\text{e}^{(\\lambda-1) t} = 1\\), c&rsquo;est-\u00e0-dire par\u00a0\\(\\frac{i \\tau}{\\lambda-1}\\mathbf{Z}\\). On retrouve ainsi que le groupe fondamental de \\(F\\) est isomorphe \u00e0 \\(\\mathbf{Z}\\). On remarque au passage que la param\u00e9trisation ci-dessus est canonique, dans le sens qu&rsquo;elle ne d\u00e9pend pas explicitement du point\u00a0\\(y_0\/x_0\\) de\u00a0\\(\\mathbf{C}^*\\).<\/p>\n<p><span style=\"text-decoration: underline; color: #00ff00;\">R\u00e9sum\u00e9<\/span><\/p>\n<p style=\"padding-left: 30px;\">En restriction \u00e0 \\(\\mathbf{C}^2\\) priv\u00e9 des axes de coordonn\u00e9es, la projection \\(\\pi\\) de passage au quotient par l&rsquo;action diagonale de \\(\\mathbf{C}^*\\) est une fibration sur \\(\\mathbf{C}^*\\) de fibre\u00a0\\(\\mathbf{C}^*\\) qui, en restriction \u00e0 chaque feuille du feuilletage \\(\\mathcal{F}_{\\lambda}\\) est un rev\u00eatement universel\u00a0isomorphe au rev\u00eatement universel \\(\\mathbf{C} \\longrightarrow \\mathbf{C}^*\\) donn\u00e9 par l&rsquo;application exponentielle.<\/p>\n","protected":false},"excerpt":{"rendered":"<p>Remarquons que l&rsquo;origine \\( (0,0) \\) de\u00a0\\(\\mathbf{C}^2\\) est l&rsquo;unique singularit\u00e9 du champ de vecteurs \\(X_{\\lambda}\\).\u00a0On consid\u00e8re l&rsquo;\u00e9quation diff\u00e9rentielle lin\u00e9aire \\[\\dot{X} = X_{\\lambda}\\] de condition initiale \\( (x_0, y_0) \\) dans\u00a0\\(\\mathbf{C}^2\\) ; la notation \\(\\dot{X}\\) d\u00e9signe la d\u00e9riv\u00e9e de \\(X\\) par rapport au param\u00e8tre complexe \\(t\\) que nous appellerons\u00a0temps complexe\u00a0de l&rsquo;\u00e9quation. Il est tr\u00e8s facile de &hellip; <a href=\"https:\/\/feuilletages-algebriques.math.cnrs.fr\/index.php\/les-feuilles-du-feuilletage-mathcalf_lambda-de-mathbfc2\/\" class=\"more-link\">Continuer la lecture<span class=\"screen-reader-text\"> de &laquo;&nbsp;Les feuilles du feuilletage \\(\\mathcal{F}_{\\lambda}\\) de \\(\\mathbf{C}^2\\)&nbsp;&raquo;<\/span><\/a><\/p>\n","protected":false},"author":2,"featured_media":0,"parent":0,"menu_order":0,"comment_status":"closed","ping_status":"closed","template":"","meta":{"footnotes":""},"class_list":["post-530","page","type-page","status-publish","hentry"],"_links":{"self":[{"href":"https:\/\/feuilletages-algebriques.math.cnrs.fr\/index.php\/wp-json\/wp\/v2\/pages\/530","targetHints":{"allow":["GET"]}}],"collection":[{"href":"https:\/\/feuilletages-algebriques.math.cnrs.fr\/index.php\/wp-json\/wp\/v2\/pages"}],"about":[{"href":"https:\/\/feuilletages-algebriques.math.cnrs.fr\/index.php\/wp-json\/wp\/v2\/types\/page"}],"author":[{"embeddable":true,"href":"https:\/\/feuilletages-algebriques.math.cnrs.fr\/index.php\/wp-json\/wp\/v2\/users\/2"}],"replies":[{"embeddable":true,"href":"https:\/\/feuilletages-algebriques.math.cnrs.fr\/index.php\/wp-json\/wp\/v2\/comments?post=530"}],"version-history":[{"count":2,"href":"https:\/\/feuilletages-algebriques.math.cnrs.fr\/index.php\/wp-json\/wp\/v2\/pages\/530\/revisions"}],"predecessor-version":[{"id":696,"href":"https:\/\/feuilletages-algebriques.math.cnrs.fr\/index.php\/wp-json\/wp\/v2\/pages\/530\/revisions\/696"}],"wp:attachment":[{"href":"https:\/\/feuilletages-algebriques.math.cnrs.fr\/index.php\/wp-json\/wp\/v2\/media?parent=530"}],"curies":[{"name":"wp","href":"https:\/\/api.w.org\/{rel}","templated":true}]}}