{"id":376,"date":"2017-02-21T23:36:30","date_gmt":"2017-02-21T22:36:30","guid":{"rendered":"http:\/\/feuilletages-algebriques.math.cnrs.fr\/?page_id=376"},"modified":"2017-02-28T11:53:58","modified_gmt":"2017-02-28T10:53:58","slug":"une-strategie-pour-construire-de-nouveaux-systemes-diterations-verifiant-mathcal-e","status":"publish","type":"page","link":"https:\/\/feuilletages-algebriques.math.cnrs.fr\/index.php\/une-strategie-pour-construire-de-nouveaux-systemes-diterations-verifiant-mathcal-e\/","title":{"rendered":"Une strat\u00e9gie pour construire de nouveaux syst\u00e8mes d&rsquo;it\u00e9rations v\u00e9rifiant \\( (\\mathcal E) \\)"},"content":{"rendered":"<p>&nbsp;<\/p>\n<p><strong>Etat d&rsquo;\u00e9bauche<\/strong><\/p>\n<p>&nbsp;<\/p>\n<p>Soit \\( \\{D,h_1,h_2 \\}\\) un syst\u00e8me d&rsquo;it\u00e9ration sur un disque ferm\u00e9 \\( D\\) tel que les images de \\(h_1\\) et \\(h_2\\) sont disjointes. Donnons nous un diff\u00e9omorphisme pr\u00e9servant l&rsquo;orientation<\/p>\n<p>\\[ \\Phi : T_1 \\rightarrow T_2 \\]<\/p>\n<p>qui soit \u00e9gal \u00e0 \\( h_1 \\circ h_2^{-1} \\) en restriction \u00e0 \\( h_2(D) \\subset T_1\\). Nous ne supposons pas \u00e0 ce niveau que \\( \\Phi\\) soit holomorphe.<\/p>\n<p>&nbsp;<\/p>\n<p><a href=\"http:\/\/feuilletages-algebriques.math.cnrs.fr\/index.php\/flots-transversalement-holomorphes\/\">Ici\u00a0<\/a>, nous avons construit une vari\u00e9t\u00e9 de dimension trois ferm\u00e9e \\(W\\), associ\u00e9e \u00e0 \\( \\{D, h_1, h_2, \\Phi \\} \\), qui est munie de surcro\u00eet de deux feuilletages transverses \\(\\mathcal G\\) et \\(\\mathcal H\\). De surcro\u00eet \\(\\mathcal H\\) est ransversalement dyadique. Rappelons que ce dernier s&rsquo;obtient par chirurgie \u00ab\u00a0longitudinale\u00a0\u00bb de la <a href=\"http:\/\/feuilletages-algebriques.math.cnrs.fr\/index.php\/le-feuilletage-de-hirsch\/\">vari\u00e9t\u00e9 feuillet\u00e9e de Hirsch<\/a>, et que par cons\u00e9quent toutes ses feuilles sont denses dans \\(W\\).<\/p>\n<p>&nbsp;<\/p>\n<p>Dans le cas o\u00f9 \\( \\Phi \\) est un biholomorphisme (et que donc l&rsquo;<a href=\"http:\/\/feuilletages-algebriques.math.cnrs.fr\/index.php\/une-equation-fonctionnelle-sur-les-systemes-diterations\/\">\u00e9quation \\( (\\mathcal E) \\) <\/a>est satisfaite pour le syst\u00e8me \\( \\{D, h_1, h_2\\} \\)), nous avons montr\u00e9 ici que le feuilletage \\(\\mathcal G\\) est en fait une fibration de Seifert. Nous avons r\u00e9ciproquement<\/p>\n<p>&nbsp;<\/p>\n<p><strong>Proposition :<\/strong> <em>Supposons que la vari\u00e9t\u00e9 \\(W\\) poss\u00e8de une fibration de Seifert. Alors, il existe un syst\u00e8me d&rsquo;it\u00e9ration holomorphe \\( \\{D,h_1,h_2\\} \\) qui v\u00e9rifie l&rsquo;\u00e9quation \\( (\\mathcal E) \\), et tel que \\(W= W_{\\{D,h_1,h_2\\}}\\).<br \/>\n<\/em><\/p>\n<p><span style=\"color: #00ffff;\">EST CE LE BON ENONCE ? N&rsquo;est pas plut\u00f4t qu&rsquo;on peut trouver une structure holomorphe sur (D) invariante par les \\(h_k\\) de sorte que \\(\\Phi\\) puisse \u00eatre isotop\u00e9 \u00e0 un biholomorphisme qui satisfait la condition \\( (\\mathcal E) \\).<\/span><\/p>\n<p>D\u00e9monstration : Le r\u00e9sultat principal de la th\u00e8se de Thurston montre que l&rsquo;on peut homotoper \\( \\mathcal H\\) \u00e0 un feuilletage transverse \u00e0 la fibration de Seifert. Consid\u00e9rons la feuille de \\(\\mathcal H\\) qui est l&rsquo;union des pantalons \\( D \\setminus (h_1(D) \\cup h_2(D) ) \\times \\{x\\} \\), o\u00f9 \\(x\\) est un point dyadique de l&rsquo;intervalle \\([0,1]\\). Notons la \\( F\\). La repr\u00e9sentation d&rsquo;holonomie\u00a0 nous fournit une repr\u00e9sentation \u00e0 valeurs le pseudo-groupe de Thompson qui fixe l&rsquo;origine. En particulier, en regardant les d\u00e9riv\u00e9es \u00e0 droite et \u00e0 gauche en l&rsquo;origine, cette repr\u00e9sentation induit une repr\u00e9sentation<\/p>\n<p>\\[\\pi_1 (F) \\rightarrow \\mathbb Z^2 .\\]<\/p>\n<p>&nbsp;<\/p>\n<p>Il est donc naturel de chercher \u00e0 classifier les classes d&rsquo;isotopies de diff\u00e9omorphismes \\(\\Phi\\) telles que \\(W\\) est l&rsquo;espace total d&rsquo;une fibration de Seifert.<\/p>\n<p>Le caract\u00e8re Seifert d&rsquo;une vari\u00e9t\u00e9 ferm\u00e9e de dimension trois se d\u00e9tecte sur son groupe fondamental. La combinaison de travaux de Geoffrey Mess, Peter Scott et David Gabai permet de caract\u00e9riser les espaces ambiants d&rsquo;une fibration de Seifert comme \u00e9tant les trois vari\u00e9t\u00e9s ferm\u00e9es dont le groupe fondamental poss\u00e8de un \u00e9l\u00e9ment central d&rsquo;ordre infini, voir <a href=\"http:\/\/www.mathunion.org\/ICM\/ICM1990.1\/Main\/icm1990.1.0609.0620.ocr.pdf\">ici<\/a>. Le quotient par le centre est le groupe fondamental au sens orbifold de la base de la fibration.<\/p>\n<p>&nbsp;<\/p>\n<p>Une pr\u00e9sentation de \\(\\pi_1(W)\\) est calcul\u00e9e\u00a0<a href=\"http:\/\/feuilletages-algebriques.math.cnrs.fr\/index.php\/groupes-fondamentaux-des-varietes-w\/\">ici<\/a>, et on peut essayer de l&rsquo;utiliser pour trouver quelles sont les vari\u00e9t\u00e9s \\(W\\) qui sont des fibres de Seifert. Mais ce n&rsquo;est pas si facile&#8230; Comment trouver un \u00e9l\u00e9ment non trivial du centre?<\/p>\n<p>&nbsp;<\/p>\n<p>&nbsp;<\/p>\n<p>&nbsp;<\/p>\n<p>&nbsp;<\/p>\n","protected":false},"excerpt":{"rendered":"<p>&nbsp; Etat d&rsquo;\u00e9bauche &nbsp; Soit \\( \\{D,h_1,h_2 \\}\\) un syst\u00e8me d&rsquo;it\u00e9ration sur un disque ferm\u00e9 \\( D\\) tel que les images de \\(h_1\\) et \\(h_2\\) sont disjointes. Donnons nous un diff\u00e9omorphisme pr\u00e9servant l&rsquo;orientation \\[ \\Phi : T_1 \\rightarrow T_2 \\] qui soit \u00e9gal \u00e0 \\( h_1 \\circ h_2^{-1} \\) en restriction \u00e0 \\( h_2(D) \\subset &hellip; <a href=\"https:\/\/feuilletages-algebriques.math.cnrs.fr\/index.php\/une-strategie-pour-construire-de-nouveaux-systemes-diterations-verifiant-mathcal-e\/\" class=\"more-link\">Continuer la lecture<span class=\"screen-reader-text\"> de &laquo;&nbsp;Une strat\u00e9gie pour construire de nouveaux syst\u00e8mes d&rsquo;it\u00e9rations v\u00e9rifiant \\( (\\mathcal E) \\)&nbsp;&raquo;<\/span><\/a><\/p>\n","protected":false},"author":3,"featured_media":0,"parent":0,"menu_order":0,"comment_status":"closed","ping_status":"closed","template":"","meta":{"footnotes":""},"class_list":["post-376","page","type-page","status-publish","hentry"],"_links":{"self":[{"href":"https:\/\/feuilletages-algebriques.math.cnrs.fr\/index.php\/wp-json\/wp\/v2\/pages\/376","targetHints":{"allow":["GET"]}}],"collection":[{"href":"https:\/\/feuilletages-algebriques.math.cnrs.fr\/index.php\/wp-json\/wp\/v2\/pages"}],"about":[{"href":"https:\/\/feuilletages-algebriques.math.cnrs.fr\/index.php\/wp-json\/wp\/v2\/types\/page"}],"author":[{"embeddable":true,"href":"https:\/\/feuilletages-algebriques.math.cnrs.fr\/index.php\/wp-json\/wp\/v2\/users\/3"}],"replies":[{"embeddable":true,"href":"https:\/\/feuilletages-algebriques.math.cnrs.fr\/index.php\/wp-json\/wp\/v2\/comments?post=376"}],"version-history":[{"count":59,"href":"https:\/\/feuilletages-algebriques.math.cnrs.fr\/index.php\/wp-json\/wp\/v2\/pages\/376\/revisions"}],"predecessor-version":[{"id":639,"href":"https:\/\/feuilletages-algebriques.math.cnrs.fr\/index.php\/wp-json\/wp\/v2\/pages\/376\/revisions\/639"}],"wp:attachment":[{"href":"https:\/\/feuilletages-algebriques.math.cnrs.fr\/index.php\/wp-json\/wp\/v2\/media?parent=376"}],"curies":[{"name":"wp","href":"https:\/\/api.w.org\/{rel}","templated":true}]}}