{"id":184,"date":"2017-02-17T23:30:00","date_gmt":"2017-02-17T22:30:00","guid":{"rendered":"http:\/\/feuilletages-algebriques.math.cnrs.fr\/?page_id=184"},"modified":"2017-02-23T00:51:45","modified_gmt":"2017-02-22T23:51:45","slug":"un-exemple-de-systeme-diteration-verifiant-mathcal-e","status":"publish","type":"page","link":"https:\/\/feuilletages-algebriques.math.cnrs.fr\/index.php\/un-exemple-de-systeme-diteration-verifiant-mathcal-e\/","title":{"rendered":"Un exemple de syst\u00e8me d&rsquo;it\u00e9ration v\u00e9rifiant l&rsquo;\u00e9quation fonctionnelle \\( (\\mathcal E) \\)"},"content":{"rendered":"<p>&nbsp;<\/p>\n<p>Rappelons que l&rsquo;\u00e9quation fonctionnelle \\( (\\mathcal E) \\) porte sur des syst\u00e8mes d&rsquo;it\u00e9rations, et a \u00e9t\u00e9 d\u00e9finie <a href=\"http:\/\/feuilletages-algebriques.math.cnrs.fr\/index.php\/une-equation-fonctionnelle-sur-les-systemes-diterations\/\">ici.<\/a>\u00a0L&rsquo;exemple que nous proposons repose sur la construction d&rsquo;un pavage auto-similaire hyperbolique.<\/p>\n<p>Consid\u00e9rons le triangle \u00e9quilat\u00e9ral \\(T\\) du plan hyperbolique d&rsquo;angles \\( (\\pi\/7, \\pi\/7, \\pi\/7)\u00a0 \\) repr\u00e9sent\u00e9 sur la figure de une, et formons le patron form\u00e9 par quatre de ses copies recoll\u00e9es selon la combinatoire indiqu\u00e9e sur la figure qui suit.<\/p>\n<p>&nbsp;<\/p>\n<p><img loading=\"lazy\" decoding=\"async\" class=\"size-medium wp-image-193 aligncenter\" src=\"http:\/\/feuilletages-algebriques.math.cnrs.fr\/wp-content\/uploads\/2017\/02\/pavage-coeur-3-e1487372872417-300x169.jpg\" alt=\"\" width=\"300\" height=\"169\" srcset=\"https:\/\/feuilletages-algebriques.math.cnrs.fr\/wp-content\/uploads\/2017\/02\/pavage-coeur-3-e1487372872417-300x169.jpg 300w, https:\/\/feuilletages-algebriques.math.cnrs.fr\/wp-content\/uploads\/2017\/02\/pavage-coeur-3-e1487372872417-768x432.jpg 768w, https:\/\/feuilletages-algebriques.math.cnrs.fr\/wp-content\/uploads\/2017\/02\/pavage-coeur-3-e1487372872417-1024x576.jpg 1024w\" sizes=\"auto, (max-width: 300px) 85vw, 300px\" \/><\/p>\n<p>&nbsp;<\/p>\n<p>Recollons deux nouvelles copies de ce patron dans les deux \u00ab\u00a0coeurs\u00a0\u00bb int\u00e9rieurs au patron original. On obtient 12 copies du triangle \\( T \\) recoll\u00e9es suivant la combinatoire dessin\u00e9e ici :<\/p>\n<p>&nbsp;<\/p>\n<p><img loading=\"lazy\" decoding=\"async\" class=\" wp-image-190 aligncenter\" src=\"http:\/\/feuilletages-algebriques.math.cnrs.fr\/wp-content\/uploads\/2017\/02\/Pavage-coeur-2-169x300.jpg\" alt=\"\" width=\"174\" height=\"309\" srcset=\"https:\/\/feuilletages-algebriques.math.cnrs.fr\/wp-content\/uploads\/2017\/02\/Pavage-coeur-2-169x300.jpg 169w, https:\/\/feuilletages-algebriques.math.cnrs.fr\/wp-content\/uploads\/2017\/02\/Pavage-coeur-2-768x1365.jpg 768w, https:\/\/feuilletages-algebriques.math.cnrs.fr\/wp-content\/uploads\/2017\/02\/Pavage-coeur-2-576x1024.jpg 576w, https:\/\/feuilletages-algebriques.math.cnrs.fr\/wp-content\/uploads\/2017\/02\/Pavage-coeur-2.jpg 1377w\" sizes=\"auto, (max-width: 174px) 85vw, 174px\" \/><\/p>\n<p>&nbsp;<\/p>\n<p>On recommence en collant le patron original dans les quatre \u00ab\u00a0coeurs\u00a0\u00bb int\u00e9rieurs \u00e0 cette derni\u00e8re figure, puis on it\u00e8re ce proc\u00e9d\u00e9 une infinit\u00e9 de fois. On obtient un pavage \\( \\mathcal P \\) d&rsquo;une surface hyperbolique \u00e0 bord \\( S \\) hom\u00e9omorphe \u00e0 un disque ferm\u00e9 priv\u00e9 d&rsquo;un ensemble de Cantor.<\/p>\n<p>Il se pourrait <em>a priori <\/em>que cette surface hyperbolique ait des singularit\u00e9s coniques situ\u00e9s sur le 0-squelette du pavage \\( \\mathcal P \\), mais il n&rsquo;en est rien. En effet, on v\u00e9rifie ais\u00e9ment qu&rsquo;autour de chaque sommet, on a recoll\u00e9 exactement 14 triangles, ce qui fait bien un angle total de \\( 14 \\times (\\pi \/7) = 2\\pi \\).<\/p>\n<p>Le pavage \\( \\mathcal P \\) contient une infinit\u00e9 de copies du triangle \\( T\\), recoll\u00e9s suivant un proc\u00e9d\u00e9 auto-similaire. En particulier, on a deux copies \\(S_1\\) et \\(S_2\\) de \\(S\\), qui correspondent aux remplissages des deux coeurs int\u00e9rieurs du patron original. Ces deux copies sont les images de deux immersions \\( h_k : S \\rightarrow S_k \\) pour \\(k= 1,2\\).<\/p>\n<p>La surface \\(S\\) \u00e9tant planaire, nous pouvons la plonger holomorphiquement dans la sph\u00e8re de Riemann \\( \\mathbb P^1(\\mathbb C) \\). Nous renvoyons au magnifique livre d&rsquo;<a href=\"https:\/\/zr9558.files.wordpress.com\/2013\/11\/lars-v-ahlfors-l-sario-riemann-surfaces.pdf\">Ahlfors-Sario<\/a>, chapitre 3, paragraphe 4, et nous remercions Peter Haissinsky de nous l&rsquo;avoir indiqu\u00e9.<\/p>\n<p>&nbsp;<\/p>\n<p><img loading=\"lazy\" decoding=\"async\" class=\"size-medium wp-image-267 aligncenter\" src=\"http:\/\/feuilletages-algebriques.math.cnrs.fr\/wp-content\/uploads\/2017\/02\/20170220_101426_resized-300x169.jpg\" alt=\"\" width=\"300\" height=\"169\" srcset=\"https:\/\/feuilletages-algebriques.math.cnrs.fr\/wp-content\/uploads\/2017\/02\/20170220_101426_resized-300x169.jpg 300w, https:\/\/feuilletages-algebriques.math.cnrs.fr\/wp-content\/uploads\/2017\/02\/20170220_101426_resized-768x432.jpg 768w, https:\/\/feuilletages-algebriques.math.cnrs.fr\/wp-content\/uploads\/2017\/02\/20170220_101426_resized-1024x576.jpg 1024w\" sizes=\"auto, (max-width: 300px) 85vw, 300px\" \/><\/p>\n<p>&nbsp;<\/p>\n<p>L&rsquo;image du bord \\(\\partial S\\) par ce plongement s\u00e9pare la sph\u00e8re en deux disques topologiques, l&rsquo;un contenant l&rsquo;image du plongement ; on le notera \\( D\\) dans ce qui suit. L&rsquo;ensemble \\( \\Lambda := D \\setminus S \\) est un compact (en fait un ensemble de Cantor) contenu dans la sph\u00e8re de Riemann. La surface \\(\\mathbb P^1(\\mathbb C)\\setminus \\Lambda\\) appartient \u00e0 la classe \\( O_{AD}\\), voir le chapitre 4, partie 1 du livre d&rsquo;Ahlfors-Sario pour la d\u00e9finition de cette classe. Ceci peut par exemple se d\u00e9duire du th\u00e9or\u00e8me 17E \u00a0(chapitre 4, partie 5, paragraphe 17) qui s&rsquo;applique \u00e0 notre situation sans difficult\u00e9s.\u00a0Dans le chapitre 4, partie 1, 4A et 4B, il est montr\u00e9 que \\(\\Lambda\\) est un ensemble effa\u00e7able ; une cons\u00e9quence imm\u00e9diate est le fait que \\( h_1 \\) et \\(h_2\\) se prolongent en des immersions holomorphes de \\( D\\) dans lui-m\u00eame.<\/p>\n<p>Le syst\u00e8me d&rsquo;it\u00e9ration obtenu sur le disque \\( D \\) ne satisfait pas la propri\u00e9t\u00e9<\/p>\n<p>\\[ h_1 (D) \\cap h_2(D) =\\emptyset, \\]<\/p>\n<p>mais on peut effectuer une petite modification pour se ramener \u00e0 ce cas.\u00a0Pour cela, consid\u00e9rons la surface \\( D&rsquo; \\) obtenue \u00e0 partir de \\( D\\) en biseautant la \u00ab\u00a0pointe\u00a0\u00bb de \\( D \\), comme sur la figure suivante.<\/p>\n<p>&nbsp;<\/p>\n<p><img loading=\"lazy\" decoding=\"async\" class=\"size-medium wp-image-268 aligncenter\" src=\"http:\/\/feuilletages-algebriques.math.cnrs.fr\/wp-content\/uploads\/2017\/02\/20170220_101409_resized-e1487582304366-300x169.jpg\" alt=\"\" width=\"300\" height=\"169\" srcset=\"https:\/\/feuilletages-algebriques.math.cnrs.fr\/wp-content\/uploads\/2017\/02\/20170220_101409_resized-e1487582304366-300x169.jpg 300w, https:\/\/feuilletages-algebriques.math.cnrs.fr\/wp-content\/uploads\/2017\/02\/20170220_101409_resized-e1487582304366-768x432.jpg 768w, https:\/\/feuilletages-algebriques.math.cnrs.fr\/wp-content\/uploads\/2017\/02\/20170220_101409_resized-e1487582304366-1024x576.jpg 1024w\" sizes=\"auto, (max-width: 300px) 85vw, 300px\" \/><\/p>\n<p>&nbsp;<\/p>\n<p>Il s&rsquo;agit d&rsquo;une surface de Riemann qui est, comme \\( D \\), hom\u00e9omorphe \u00e0 un disque ferm\u00e9. Les deux immersions \\( h_1 \\) et \\( h_2 \\) \u00a0envoient \\( D&rsquo; \\) \u00e0 l&rsquo;int\u00e9rieur de lui-m\u00eame, et les images de \\( D&rsquo; \\) par les \\( h_k\\) sont disjointes.<\/p>\n<p>En notant \\( h_k&rsquo;\\) la restriction de \\( h_k\\) au disque \\( D&rsquo;\\), nous pr\u00e9tendons que le syst\u00e8me d&rsquo;it\u00e9ration \\( \\{D&rsquo;, h_1&prime;, h_2&prime; \u00a0\\}\\) v\u00e9rifie la propri\u00e9t\u00e9 \\( (\\mathcal E)\\). La d\u00e9monstration de ce fait se trouve<a href=\"http:\/\/feuilletages-algebriques.math.cnrs.fr\/index.php\/demonstration-de-la-propriete-mathcal-e\/\"> ici.<\/a><\/p>\n<p>&nbsp;<\/p>\n","protected":false},"excerpt":{"rendered":"<p>&nbsp; Rappelons que l&rsquo;\u00e9quation fonctionnelle \\( (\\mathcal E) \\) porte sur des syst\u00e8mes d&rsquo;it\u00e9rations, et a \u00e9t\u00e9 d\u00e9finie ici.\u00a0L&rsquo;exemple que nous proposons repose sur la construction d&rsquo;un pavage auto-similaire hyperbolique. Consid\u00e9rons le triangle \u00e9quilat\u00e9ral \\(T\\) du plan hyperbolique d&rsquo;angles \\( (\\pi\/7, \\pi\/7, \\pi\/7)\u00a0 \\) repr\u00e9sent\u00e9 sur la figure de une, et formons le patron form\u00e9 &hellip; <a href=\"https:\/\/feuilletages-algebriques.math.cnrs.fr\/index.php\/un-exemple-de-systeme-diteration-verifiant-mathcal-e\/\" class=\"more-link\">Continuer la lecture<span class=\"screen-reader-text\"> de &laquo;&nbsp;Un exemple de syst\u00e8me d&rsquo;it\u00e9ration v\u00e9rifiant l&rsquo;\u00e9quation fonctionnelle \\( (\\mathcal E) \\)&nbsp;&raquo;<\/span><\/a><\/p>\n","protected":false},"author":3,"featured_media":47,"parent":0,"menu_order":0,"comment_status":"closed","ping_status":"closed","template":"","meta":{"footnotes":""},"class_list":["post-184","page","type-page","status-publish","has-post-thumbnail","hentry"],"_links":{"self":[{"href":"https:\/\/feuilletages-algebriques.math.cnrs.fr\/index.php\/wp-json\/wp\/v2\/pages\/184","targetHints":{"allow":["GET"]}}],"collection":[{"href":"https:\/\/feuilletages-algebriques.math.cnrs.fr\/index.php\/wp-json\/wp\/v2\/pages"}],"about":[{"href":"https:\/\/feuilletages-algebriques.math.cnrs.fr\/index.php\/wp-json\/wp\/v2\/types\/page"}],"author":[{"embeddable":true,"href":"https:\/\/feuilletages-algebriques.math.cnrs.fr\/index.php\/wp-json\/wp\/v2\/users\/3"}],"replies":[{"embeddable":true,"href":"https:\/\/feuilletages-algebriques.math.cnrs.fr\/index.php\/wp-json\/wp\/v2\/comments?post=184"}],"version-history":[{"count":49,"href":"https:\/\/feuilletages-algebriques.math.cnrs.fr\/index.php\/wp-json\/wp\/v2\/pages\/184\/revisions"}],"predecessor-version":[{"id":413,"href":"https:\/\/feuilletages-algebriques.math.cnrs.fr\/index.php\/wp-json\/wp\/v2\/pages\/184\/revisions\/413"}],"wp:featuredmedia":[{"embeddable":true,"href":"https:\/\/feuilletages-algebriques.math.cnrs.fr\/index.php\/wp-json\/wp\/v2\/media\/47"}],"wp:attachment":[{"href":"https:\/\/feuilletages-algebriques.math.cnrs.fr\/index.php\/wp-json\/wp\/v2\/media?parent=184"}],"curies":[{"name":"wp","href":"https:\/\/api.w.org\/{rel}","templated":true}]}}