{"id":140,"date":"2017-02-13T11:59:24","date_gmt":"2017-02-13T10:59:24","guid":{"rendered":"http:\/\/feuilletages-algebriques.math.cnrs.fr\/?page_id=140"},"modified":"2017-02-13T12:03:01","modified_gmt":"2017-02-13T11:03:01","slug":"le-modele-orleanais","status":"publish","type":"page","link":"https:\/\/feuilletages-algebriques.math.cnrs.fr\/index.php\/le-modele-orleanais\/","title":{"rendered":"Le mod\u00e8le orl\u00e9anais"},"content":{"rendered":"<p>Le mod\u00e8le que je t&rsquo;ai racont\u00e9 \u00e0 Orl\u00e9ans la derni\u00e8re fois me semble marcher. Il produit une vari\u00e9t\u00e9 orbifolde de dimension quatre r\u00e9elle avec toutes les structures suivantes : un feuilletage transversalement holomorphe singulier, un feuilletage de codimension un r\u00e9elle transversalement dyadique, etc&#8230; Ce conifold n&rsquo;est pas le quotient de Jouanolou par le groupe $G$, car il n&rsquo;admet pas de rev\u00eatement connexe de groupe $G$. En fait je me demande m\u00eame si c&rsquo;est un \u00ab\u00a0bon\u00a0\u00bb orbifiold (voir\u00a0<a href=\"https:\/\/en.wikipedia.org\/wiki\/Orbifold\">https:\/\/en.wikipedia.org\/wiki\/Orbifold<\/a>\u00a0\u00e0 ce propos).\u00a0Il m\u00e8ne donc \u00e0 quelque d&rsquo;int\u00e9ressant et de non r\u00e9pertori\u00e9 qu&rsquo;il serait int\u00e9ressant d&rsquo;\u00e9tudier (notamment ses d\u00e9singularisations, qui fournissent des surfaces complexes lisses feuillet\u00e9es potentielles). Par contre il semble qu&rsquo;on puisse faire une construction analogue en partant du mod\u00e8le de \u00ab\u00a0profondeur deux\u00a0\u00bb, et que l\u00e0, miracle, on puisse construire un rev\u00eatement connexe de groupe G, qui pourrait \u00eatre notre cher Jouanolou. Je t&rsquo;avoue que \u00e7a me laisse perplexe, car j&rsquo;aurai jur\u00e9 que les deux constructions donnent exactement les m\u00eames structures. Il faut absolument qu&rsquo;on comprenne ce qui se passe ici et \u00eatre compl\u00e8tement certain. Le seul moyen que je vois est l&rsquo;\u00e9criture. Je me disais que \u00e7a pourrait \u00eatre bien que tu \u00e9crives cette partie, \u00e7a permettrait de la v\u00e9rifier en d\u00e9tail, et d&rsquo;avoir un point de vue peut \u00eatre nouveau \u00e9galement.<\/p>\n<p><strong>PS<\/strong>\u00a0: dans l&rsquo;article\u00a0<a href=\"https:\/\/en.wikipedia.org\/wiki\/Orbifold\">https:\/\/en.wikipedia.org\/wiki\/Orbifold<\/a>\u00a0lis la partie sur Mumford. Mumford construit dans l&rsquo;article mentionn\u00e9 un faux plan projectif complexe. Et sais tu que ce faux plan projectif (cad une surface alg\u00e9brique \u00a0complexe qui a les m\u00eames nombre de Betti que le plan projectif, b1= b3=0 et b2=1) a un groupe d&rsquo;automorphisme d&rsquo;ordre 168 = 2^3 * 3 * 7! Lorsque l&rsquo;on divise par le groupe d&rsquo;ordre 21, et bien on obtient une certaine vari\u00e9t\u00e9. Est ce que \u00e7a pourrait \u00eatre le mod\u00e8le qu&rsquo;on a discut\u00e9 la derni\u00e8re fois ? A mon avis, c&rsquo;est plut\u00f4t qu&rsquo;on a racont\u00e9 pleins de b\u00eatises, mais bon on sait jamais&#8230;<\/p>\n","protected":false},"excerpt":{"rendered":"<p>Le mod\u00e8le que je t&rsquo;ai racont\u00e9 \u00e0 Orl\u00e9ans la derni\u00e8re fois me semble marcher. Il produit une vari\u00e9t\u00e9 orbifolde de dimension quatre r\u00e9elle avec toutes les structures suivantes : un feuilletage transversalement holomorphe singulier, un feuilletage de codimension un r\u00e9elle transversalement dyadique, etc&#8230; Ce conifold n&rsquo;est pas le quotient de Jouanolou par le groupe $G$, &hellip; <a href=\"https:\/\/feuilletages-algebriques.math.cnrs.fr\/index.php\/le-modele-orleanais\/\" class=\"more-link\">Continuer la lecture<span class=\"screen-reader-text\"> de &laquo;&nbsp;Le mod\u00e8le orl\u00e9anais&nbsp;&raquo;<\/span><\/a><\/p>\n","protected":false},"author":2,"featured_media":0,"parent":0,"menu_order":0,"comment_status":"closed","ping_status":"closed","template":"","meta":{"footnotes":""},"class_list":["post-140","page","type-page","status-publish","hentry"],"_links":{"self":[{"href":"https:\/\/feuilletages-algebriques.math.cnrs.fr\/index.php\/wp-json\/wp\/v2\/pages\/140","targetHints":{"allow":["GET"]}}],"collection":[{"href":"https:\/\/feuilletages-algebriques.math.cnrs.fr\/index.php\/wp-json\/wp\/v2\/pages"}],"about":[{"href":"https:\/\/feuilletages-algebriques.math.cnrs.fr\/index.php\/wp-json\/wp\/v2\/types\/page"}],"author":[{"embeddable":true,"href":"https:\/\/feuilletages-algebriques.math.cnrs.fr\/index.php\/wp-json\/wp\/v2\/users\/2"}],"replies":[{"embeddable":true,"href":"https:\/\/feuilletages-algebriques.math.cnrs.fr\/index.php\/wp-json\/wp\/v2\/comments?post=140"}],"version-history":[{"count":2,"href":"https:\/\/feuilletages-algebriques.math.cnrs.fr\/index.php\/wp-json\/wp\/v2\/pages\/140\/revisions"}],"predecessor-version":[{"id":145,"href":"https:\/\/feuilletages-algebriques.math.cnrs.fr\/index.php\/wp-json\/wp\/v2\/pages\/140\/revisions\/145"}],"wp:attachment":[{"href":"https:\/\/feuilletages-algebriques.math.cnrs.fr\/index.php\/wp-json\/wp\/v2\/media?parent=140"}],"curies":[{"name":"wp","href":"https:\/\/api.w.org\/{rel}","templated":true}]}}