{"id":131,"date":"2017-02-13T11:55:09","date_gmt":"2017-02-13T10:55:09","guid":{"rendered":"http:\/\/feuilletages-algebriques.math.cnrs.fr\/?page_id=131"},"modified":"2017-02-13T11:55:09","modified_gmt":"2017-02-13T10:55:09","slug":"la-these-de-thurston","status":"publish","type":"page","link":"https:\/\/feuilletages-algebriques.math.cnrs.fr\/index.php\/la-these-de-thurston\/","title":{"rendered":"La th\u00e8se de Thurston"},"content":{"rendered":"<h2>Th\u00e9or\u00e8me de Thurston<\/h2>\n<p>J&rsquo;ai retrouv\u00e9 un message d&rsquo;Etienne (voir ci-apr\u00e8s) dans lequel il me racontait la preuve du thm de Thurston \u00ab\u00a0\u00e0 sa sauce\u00a0\u00bb. Ca pourrait \u00eatre pas mal qu&rsquo;on essaie de comprendre cette preuve, dans l&rsquo;id\u00e9e de l&rsquo;incorporer \u00e0 notre blog (ce qui pourrait servir \u00e0 la communaut\u00e9, \u00e9tant donn\u00e9 que la th\u00e8se de Thurston n&rsquo;a pas \u00e9t\u00e9 publi\u00e9e, et qu&rsquo;elle n&rsquo;est pas disponible sur le net&#8230;) D&rsquo;autant qu&rsquo;il y a peut \u00eatre des simplifications dans notre cas, car on sait d\u00e9j\u00e0 que l&rsquo;on a affaire \u00e0 un feuilletage de Hirsch.<\/p>\n<h5>Message d&rsquo;\u00c9tienne<\/h5>\n<p>La bonne hypoth\u00e8se, c&rsquo;est : pas de feuille torique et pas seulement pas de composante de Reeb.<br \/>\nCar tu peux toujours prendre une supension, un cercle dans la base, disons sans holonomie,<br \/>\nprendre le tore qui est au dessus de ce cercle et faire spiraler. Je crois que s&rsquo;il n&rsquo;y a pas<br \/>\nde composante de Reeb, on peut mettre le feuilletage transverse aux fibres sauf le long<br \/>\ndes feuilles toriques, qui sont tangentes.<\/p>\n<p>Quelques mots sur la preuve (revue \u00e0 la sauce Etienne).<\/p>\n<p>S&rsquo;il n&rsquo;y a pas de composante de Reeb, toutes les feuilles sont ferm\u00e9es dans le rev\u00eatement universel<br \/>\n(car sinon, transversale ferm\u00e9e homotope \u00e0 z\u00e9ro, donc cycle \u00e9vanouissant par Haefliger, donc<br \/>\ncomposante de Reeb par Novikov).<\/p>\n<p>Donc l&rsquo;espace des feuilles dans le rev\u00eatement universel est une vari\u00e9t\u00e9 de dimension 1 non s\u00e9par\u00e9e.<\/p>\n<p>Maintenant, tu \u00e9tudies l&rsquo;action du centre du pi1 (le pi des fibres) sur cet espace. J&rsquo;affirme<br \/>\nqu&rsquo;il n&rsquo;y a pas de points fixes. L&rsquo;ensemble des points fixes est un ferm\u00e9 invariant par tout le groupe,<br \/>\net correspond donc \u00e0 un ferm\u00e9 invariant dans la vari\u00e9t\u00e9 compacte. Pas difficile de voir que<br \/>\n\u00e7a signifierait que les feuilles de ce ferm\u00e9 seraient toutes des cylindres (une surface \u00e0 centre<br \/>\nnon trivial) mais c&rsquo;est impossible par Sacksteder en C2. Bon, tout \u00e7a doit \u00eatre mieux dit, en particulier<br \/>\nil faut consid\u00e9rer les points presque fixes par le centre, ie qu&rsquo;on ne peut pas s\u00e9parer de leur image.<br \/>\nD\u00e9tails dans mon article pr\u00e9historique sur les flots d&rsquo;Anosov sur les fibr\u00e9s en cercles (ergodic theory 83 ?)<\/p>\n<p>Ah j&rsquo;oubliais aussi : un point fixe du centre, \u00e7a pourrait aussi correspondre \u00e0\u00a0 une feuille torique (verticale).<\/p>\n<p>Bon, bref, apr\u00e8s ce boulot, on regarde le quotient de l&rsquo;espace des feuilles par l&rsquo;action du centre.<br \/>\nC&rsquo;est une vari\u00e9t\u00e9 de dimension 1 dont le pi1 est Z. Alors, je d\u00e9finis sa classe fondamentale comme<br \/>\nl&rsquo;ensemble des points qui ne disconnectent pas. C&rsquo;est un ouvert invariant par le pi1 de la base.<br \/>\nSon bord serait un minimal exceptionnel, impossible par Sacksteder. Donc, l&rsquo;espace des feuilles<br \/>\nest s\u00e9par\u00e9 et c&rsquo;est un cercle.<\/p>\n<p>Maiintenant, on prend une triangulation de la base disons avec un seul sommet.<br \/>\nLa fibre au dessus du sommet peut \u00eatre mise transverse puisque l&rsquo;espace des feuilles<br \/>\nest S1. Puis on met les cylindres au dessus des ar\u00eates en position transverse, et c&rsquo;est possible<br \/>\npour la m\u00eame raison. Puis le reste, ce qui est possible puisqu&rsquo;il reste un tore solide,<br \/>\ntransverse au bord et qu&rsquo;on sait que l&rsquo;espace des feuilles est le bon.<\/p>\n<p>Bon, je ne suis pas tr\u00e8s clair&#8230; mais, au moins, c&rsquo;est tr\u00e8s clair dans ma t\u00eate&#8230;<\/p>\n","protected":false},"excerpt":{"rendered":"<p>Th\u00e9or\u00e8me de Thurston J&rsquo;ai retrouv\u00e9 un message d&rsquo;Etienne (voir ci-apr\u00e8s) dans lequel il me racontait la preuve du thm de Thurston \u00ab\u00a0\u00e0 sa sauce\u00a0\u00bb. Ca pourrait \u00eatre pas mal qu&rsquo;on essaie de comprendre cette preuve, dans l&rsquo;id\u00e9e de l&rsquo;incorporer \u00e0 notre blog (ce qui pourrait servir \u00e0 la communaut\u00e9, \u00e9tant donn\u00e9 que la th\u00e8se de &hellip; <a href=\"https:\/\/feuilletages-algebriques.math.cnrs.fr\/index.php\/la-these-de-thurston\/\" class=\"more-link\">Continuer la lecture<span class=\"screen-reader-text\"> de &laquo;&nbsp;La th\u00e8se de Thurston&nbsp;&raquo;<\/span><\/a><\/p>\n","protected":false},"author":2,"featured_media":0,"parent":0,"menu_order":0,"comment_status":"closed","ping_status":"closed","template":"","meta":{"footnotes":""},"class_list":["post-131","page","type-page","status-publish","hentry"],"_links":{"self":[{"href":"https:\/\/feuilletages-algebriques.math.cnrs.fr\/index.php\/wp-json\/wp\/v2\/pages\/131","targetHints":{"allow":["GET"]}}],"collection":[{"href":"https:\/\/feuilletages-algebriques.math.cnrs.fr\/index.php\/wp-json\/wp\/v2\/pages"}],"about":[{"href":"https:\/\/feuilletages-algebriques.math.cnrs.fr\/index.php\/wp-json\/wp\/v2\/types\/page"}],"author":[{"embeddable":true,"href":"https:\/\/feuilletages-algebriques.math.cnrs.fr\/index.php\/wp-json\/wp\/v2\/users\/2"}],"replies":[{"embeddable":true,"href":"https:\/\/feuilletages-algebriques.math.cnrs.fr\/index.php\/wp-json\/wp\/v2\/comments?post=131"}],"version-history":[{"count":1,"href":"https:\/\/feuilletages-algebriques.math.cnrs.fr\/index.php\/wp-json\/wp\/v2\/pages\/131\/revisions"}],"predecessor-version":[{"id":132,"href":"https:\/\/feuilletages-algebriques.math.cnrs.fr\/index.php\/wp-json\/wp\/v2\/pages\/131\/revisions\/132"}],"wp:attachment":[{"href":"https:\/\/feuilletages-algebriques.math.cnrs.fr\/index.php\/wp-json\/wp\/v2\/media?parent=131"}],"curies":[{"name":"wp","href":"https:\/\/api.w.org\/{rel}","templated":true}]}}